{"id":1516,"date":"2020-01-13T23:10:20","date_gmt":"2020-01-13T22:10:20","guid":{"rendered":"https:\/\/www.ggkmedia.com\/?page_id=1516"},"modified":"2024-01-14T21:08:24","modified_gmt":"2024-01-14T20:08:24","slug":"about-us","status":"publish","type":"page","link":"https:\/\/www.drugsson.com\/sv\/about-us\/","title":{"rendered":"Om oss"},"content":{"rendered":"<p><div class=\"fusion-fullwidth fullwidth-box fusion-builder-row-1 has-pattern-background has-mask-background nonhundred-percent-fullwidth non-hundred-percent-height-scrolling fusion-no-small-visibility fusion-no-medium-visibility\" style=\"--awb-border-sizes-top:0px;--awb-border-sizes-bottom:0px;--awb-border-sizes-left:0px;--awb-border-sizes-right:0px;--awb-border-color:#ffffff;--awb-border-radius-top-left:0px;--awb-border-radius-top-right:0px;--awb-border-radius-bottom-right:0px;--awb-border-radius-bottom-left:0px;--awb-padding-top:80px;--awb-background-color:#eaf7ff;--awb-flex-wrap:wrap;\" ><div class=\"fusion-builder-row fusion-row\"><div class=\"fusion-layout-column fusion_builder_column fusion-builder-column-0 fusion_builder_column_1_6 1_6 fusion-one-sixth fusion-column-first\" style=\"--awb-bg-color:#eaf7ff;--awb-bg-color-hover:#eaf7ff;--awb-bg-size:cover;width:16.666666666667%;width:calc(16.666666666667% - ( ( 4% + 4% ) * 0.16666666666667 ) );margin-right: 4%;\" data-scroll-devices=\"small-visibility,medium-visibility,large-visibility\"><div class=\"fusion-column-wrapper fusion-column-has-shadow fusion-flex-column-wrapper-legacy\"><div class=\"fusion-clearfix\"><\/div><\/div><\/div><div class=\"fusion-layout-column fusion_builder_column fusion-builder-column-1 fusion_builder_column_2_3 2_3 fusion-two-third\" style=\"--awb-padding-top:80px;--awb-padding-right:80px;--awb-padding-left:80px;--awb-bg-color:#ffffff;--awb-bg-color-hover:#ffffff;--awb-bg-size:cover;--awb-border-color:#ffffff;--awb-border-top:0;--awb-border-right:0;--awb-border-bottom:0;--awb-border-left:0;--awb-border-style:solid;width:66.666666666667%;width:calc(66.666666666667% - ( ( 4% + 4% ) * 0.66666666666667 ) );margin-right: 4%;\" data-scroll-devices=\"small-visibility,medium-visibility,large-visibility\"><div class=\"fusion-column-wrapper fusion-column-has-shadow fusion-flex-column-wrapper-legacy\"><div class=\"fusion-text fusion-text-1\"><h2 style=\"text-align: center;\">DRUGSSON<\/h2>\n<\/div><div class=\"fusion-sep-clear\"><\/div><div class=\"fusion-separator fusion-full-width-sep\" style=\"margin-left: auto;margin-right: auto;margin-top:30px;width:100%;\"><\/div><div class=\"fusion-sep-clear\"><\/div><div class=\"fusion-text fusion-text-2\"><p class=\"p2\"><span class=\"s1\">DRUGSSON \u00e4r ett dotterbolag till Double Bond Pharmaceutical AB. <\/span><\/p>\n<p class=\"p2\" style=\"text-align: justify;\"><span class=\"s1\">Double Bond Pharmaceutical grundades 2014 och \u00e4r ett snabbt v\u00e4xande l\u00e4kemedelsf\u00f6retag som utvecklar och kommersialiserar innovativa produkter f\u00f6r behandling av olika typer av cancer, infektioner, autoimmuna och andra livshotande sjukdomar. <\/span><\/p>\n<p class=\"p2\" style=\"text-align: justify;\"><span class=\"s1\">DRUGSSON riktar sig till att distribuera unika produkter p\u00e5 de nordiska samt icke reglerade marknaderna. Vi str\u00e4var efter att bli en utmanare i dessa marknader och ge patienterna h\u00f6gkvalitativa, effektiva och l\u00e4ttanv\u00e4ndbara produkter, f\u00f6r alla \u00e5ldrar. <\/span><\/p>\n<p class=\"p2\" style=\"text-align: justify;\"><span class=\"s1\">DRUGSSON distribuerar in-licensierade, redan EU-registrerade produkter fr\u00e5n v\u00e5ra partners \/ framtida partners. DRUGSSON erbjuder \u00e4ven expertis inom distributions- och RA \u00e4renden f\u00f6r att hj\u00e4lpa v\u00e5ra partners med registrering av sina produkter p\u00e5 EU-marknaden. <\/span><\/p>\n<p class=\"p2\" style=\"text-align: justify;\"><span class=\"s1\">Trots att DRUGSSON \u00e4r ett ungt f\u00f6retag distribuerar vi redan tv\u00e5 medicintekniska produkter och flertalet biocider i Norden.<\/span><\/p>\n<p class=\"p2\" style=\"text-align: justify;\"><span class=\"s1\">Vi planerar konstant att in-licensiera flera produkter till v\u00e5r pipeline.<\/span><\/p>\n<\/div><div class=\"fusion-sep-clear\"><\/div><div class=\"fusion-separator fusion-full-width-sep\" style=\"margin-left: auto;margin-right: auto;margin-top:30px;width:100%;\"><\/div><div class=\"fusion-sep-clear\"><\/div><div class=\"fusion-text fusion-text-3\"><h2 class=\"p1\" style=\"text-align: center;\"><span class=\"s1\"><b>F\u00f6retags\u00f6versikt<\/b><\/span><\/h2>\n<\/div><div class=\"fusion-sep-clear\"><\/div><div class=\"fusion-separator fusion-full-width-sep\" style=\"margin-left: auto;margin-right: auto;margin-top:30px;width:100%;\"><\/div><div class=\"fusion-sep-clear\"><\/div><div class=\"fusion-text fusion-text-4\"><p class=\"p1\" style=\"text-align: justify;\"><span class=\"s1\">F\u00f6retagets fr\u00e4msta m\u00e5l \u00e4r att f\u00f6rse patienter och marknaden med mer effektiva och s\u00e4kra produkter framf\u00f6r allt inom de omr\u00e5den d\u00e4r dessa behov inte har uppn\u00e5tts eller \u00e4r otillfredsst\u00e4llande.<\/span><\/p>\n<\/div><div class=\"fusion-sep-clear\"><\/div><div class=\"fusion-separator fusion-full-width-sep\" style=\"margin-left: auto;margin-right: auto;margin-top:30px;width:100%;\"><\/div><div class=\"fusion-sep-clear\"><\/div><div class=\"fusion-text fusion-text-5\"><h2 class=\"p1\" style=\"text-align: center;\"><span class=\"s1\"><b>Marknader och tj\u00e4nster<\/b><\/span><\/h2>\n<\/div><div class=\"fusion-sep-clear\"><\/div><div class=\"fusion-separator fusion-full-width-sep\" style=\"margin-left: auto;margin-right: auto;margin-top:30px;width:100%;\"><\/div><div class=\"fusion-sep-clear\"><\/div><div class=\"fusion-text fusion-text-6\"><p class=\"p1\" style=\"text-align: justify;\"><span class=\"s1\">DRUGSSON distribuerar medicintekniska produkter, biocider och l\u00e4kemedel till de nordiska regionerna och den icke-reglerade marknaderna. \nDRUGSSONs distributionskanaler best\u00e5r av apotek (b\u00e5de online och fysiska), sjukhus (via upphandlingsf\u00f6rfaranden), f\u00f6retag, livsmedelsbutiker samt laboratorier.<\/span><\/p>\n<\/div><div class=\"fusion-sep-clear\"><\/div><div class=\"fusion-separator fusion-full-width-sep\" style=\"margin-left: auto;margin-right: auto;margin-top:80px;width:100%;\"><\/div><div class=\"fusion-sep-clear\"><\/div><div class=\"fusion-clearfix\"><\/div><\/div><\/div><div class=\"fusion-layout-column fusion_builder_column fusion-builder-column-2 fusion_builder_column_1_6 1_6 fusion-one-sixth fusion-column-last\" style=\"--awb-bg-color:#eaf7ff;--awb-bg-color-hover:#eaf7ff;--awb-bg-size:cover;width:16.666666666667%;width:calc(16.666666666667% - ( ( 4% + 4% ) * 0.16666666666667 ) );\" data-scroll-devices=\"small-visibility,medium-visibility,large-visibility\"><div class=\"fusion-column-wrapper fusion-column-has-shadow fusion-flex-column-wrapper-legacy\"><div class=\"fusion-clearfix\"><\/div><\/div><\/div><\/div><\/div><div class=\"fusion-fullwidth fullwidth-box fusion-builder-row-2 has-pattern-background has-mask-background nonhundred-percent-fullwidth non-hundred-percent-height-scrolling fusion-no-large-visibility\" style=\"--awb-border-sizes-top:0px;--awb-border-sizes-bottom:0px;--awb-border-sizes-left:0px;--awb-border-sizes-right:0px;--awb-border-color:#ffffff;--awb-border-radius-top-left:0px;--awb-border-radius-top-right:0px;--awb-border-radius-bottom-right:0px;--awb-border-radius-bottom-left:0px;--awb-padding-top:80px;--awb-background-color:#eaf7ff;--awb-flex-wrap:wrap;\" ><div class=\"fusion-builder-row fusion-row\"><div class=\"fusion-layout-column fusion_builder_column fusion-builder-column-3 fusion_builder_column_1_6 1_6 fusion-one-sixth fusion-column-first\" style=\"--awb-bg-color:#eaf7ff;--awb-bg-color-hover:#eaf7ff;--awb-bg-size:cover;width:16.666666666667%;width:calc(16.666666666667% - ( ( 4% + 4% ) * 0.16666666666667 ) );margin-right: 4%;\" data-scroll-devices=\"small-visibility,medium-visibility,large-visibility\"><div class=\"fusion-column-wrapper fusion-column-has-shadow fusion-flex-column-wrapper-legacy\"><div class=\"fusion-clearfix\"><\/div><\/div><\/div><div class=\"fusion-layout-column fusion_builder_column fusion-builder-column-4 fusion_builder_column_2_3 2_3 fusion-two-third\" style=\"--awb-bg-color:#eaf7ff;--awb-bg-color-hover:#eaf7ff;--awb-bg-size:cover;--awb-border-color:#ffffff;--awb-border-top:0;--awb-border-right:0;--awb-border-bottom:0;--awb-border-left:0;--awb-border-style:solid;width:66.666666666667%;width:calc(66.666666666667% - ( ( 4% + 4% ) * 0.66666666666667 ) );margin-right: 4%;\" data-scroll-devices=\"small-visibility,medium-visibility,large-visibility\"><div class=\"fusion-column-wrapper fusion-column-has-shadow fusion-flex-column-wrapper-legacy\"><div class=\"fusion-text fusion-text-7\"><h2 class=\"p1\" style=\"text-align: center;\"><span class=\"s1\"><b>DRUGSSON<\/b><\/span><\/h2>\n<\/div><div class=\"fusion-sep-clear\"><\/div><div class=\"fusion-separator fusion-full-width-sep\" style=\"margin-left: auto;margin-right: auto;margin-top:30px;width:100%;\"><\/div><div class=\"fusion-sep-clear\"><\/div><div class=\"fusion-text fusion-text-8\"><p class=\"p2\"><span class=\"s1\">DRUGSSON \u00e4r ett dotterbolag till Double Bond Pharmaceutical AB. <\/span><\/p>\n<p class=\"p2\"><span class=\"s1\">Double Bond Pharmaceutical grundades 2014 och \u00e4r ett snabbt v\u00e4xande l\u00e4kemedelsf\u00f6retag som utvecklar och kommersialiserar innovativa produkter f\u00f6r behandling av olika typer av cancer, infektioner, autoimmuna och andra livshotande sjukdomar. <\/span><\/p>\n<p class=\"p2\"><span class=\"s1\">DRUGSSON riktar sig till att distribuera unika produkter p\u00e5 de nordiska samt icke reglerade marknaderna. Vi str\u00e4var efter att bli en utmanare i dessa marknader och ge patienterna h\u00f6gkvalitativa, effektiva och l\u00e4ttanv\u00e4ndbara produkter, f\u00f6r alla \u00e5ldrar. <\/span><\/p>\n<p class=\"p2\"><span class=\"s1\">DRUGSSON distribuerar in-licensierade, redan EU-registrerade produkter fr\u00e5n v\u00e5ra partners \/ framtida partners. DRUGSSON erbjuder \u00e4ven expertis inom distributions- och RA \u00e4renden f\u00f6r att hj\u00e4lpa v\u00e5ra partners med registrering av sina produkter p\u00e5 EU-marknaden. <\/span><\/p>\n<p class=\"p2\"><span class=\"s1\">Trots att DRUGSSON \u00e4r ett ungt f\u00f6retag distribuerar vi redan tv\u00e5 medicintekniska produkter och flertalet biocider i Norden.<\/span><\/p>\n<p class=\"p2\"><span class=\"s1\">Vi planerar konstant att in-licensiera flera produkter till v\u00e5r pipeline.<\/span><\/p>\n<\/div><div class=\"fusion-sep-clear\"><\/div><div class=\"fusion-separator fusion-full-width-sep\" style=\"margin-left: auto;margin-right: auto;margin-top:30px;width:100%;\"><\/div><div class=\"fusion-sep-clear\"><\/div><div class=\"fusion-text fusion-text-9\"><h2 class=\"p1\" style=\"text-align: center;\"><span class=\"s1\"><b>F\u00f6retags\u00f6versikt<\/b><\/span><\/h2>\n<\/div><div class=\"fusion-sep-clear\"><\/div><div class=\"fusion-separator fusion-full-width-sep\" style=\"margin-left: auto;margin-right: auto;margin-top:30px;width:100%;\"><\/div><div class=\"fusion-sep-clear\"><\/div><div class=\"fusion-text fusion-text-10\"><p class=\"p1\"><span class=\"s1\">F\u00f6retagets fr\u00e4msta m\u00e5l \u00e4r att f\u00f6rse patienter och marknaden med mer effektiva och s\u00e4kra produkter framf\u00f6r allt inom de omr\u00e5den d\u00e4r dessa behov inte har uppn\u00e5tts eller \u00e4r otillfredsst\u00e4llande.<\/span><\/p>\n<\/div><div class=\"fusion-sep-clear\"><\/div><div class=\"fusion-separator fusion-full-width-sep\" style=\"margin-left: auto;margin-right: auto;margin-top:30px;width:100%;\"><\/div><div class=\"fusion-sep-clear\"><\/div><div class=\"fusion-text fusion-text-11\"><h2 class=\"p1\" style=\"text-align: center;\"><span class=\"s1\"><b>Marknader och tj\u00e4nster<\/b><\/span><\/h2>\n<\/div><div class=\"fusion-sep-clear\"><\/div><div class=\"fusion-separator fusion-full-width-sep\" style=\"margin-left: auto;margin-right: auto;margin-top:30px;width:100%;\"><\/div><div class=\"fusion-sep-clear\"><\/div><div class=\"fusion-text fusion-text-12\"><p class=\"p1\"><span class=\"s1\">DRUGSSON distribuerar medicintekniska produkter, biocider och l\u00e4kemedel till de nordiska regionerna och den icke-reglerade marknaderna. \nDRUGSSONs distributionskanaler best\u00e5r av apotek (b\u00e5de online och fysiska), sjukhus (via upphandlingsf\u00f6rfaranden), f\u00f6retag, livsmedelsbutiker samt laboratorier.<\/span><\/p>\n<\/div><div class=\"fusion-sep-clear\"><\/div><div class=\"fusion-separator fusion-full-width-sep\" style=\"margin-left: auto;margin-right: auto;margin-top:80px;width:100%;\"><\/div><div class=\"fusion-sep-clear\"><\/div><div class=\"fusion-clearfix\"><\/div><\/div><\/div><div class=\"fusion-layout-column fusion_builder_column fusion-builder-column-5 fusion_builder_column_1_6 1_6 fusion-one-sixth fusion-column-last\" style=\"--awb-bg-color:#eaf7ff;--awb-bg-color-hover:#eaf7ff;--awb-bg-size:cover;width:16.666666666667%;width:calc(16.666666666667% - ( ( 4% + 4% ) * 0.16666666666667 ) );\" data-scroll-devices=\"small-visibility,medium-visibility,large-visibility\"><div class=\"fusion-column-wrapper fusion-column-has-shadow fusion-flex-column-wrapper-legacy\"><div class=\"fusion-clearfix\"><\/div><\/div><\/div><\/div><\/div><\/p>","protected":false},"excerpt":{"rendered":"","protected":false},"author":1,"featured_media":0,"parent":0,"menu_order":0,"comment_status":"closed","ping_status":"closed","template":"100-width.php","meta":{"footnotes":""},"_links":{"self":[{"href":"https:\/\/www.drugsson.com\/sv\/wp-json\/wp\/v2\/pages\/1516"}],"collection":[{"href":"https:\/\/www.drugsson.com\/sv\/wp-json\/wp\/v2\/pages"}],"about":[{"href":"https:\/\/www.drugsson.com\/sv\/wp-json\/wp\/v2\/types\/page"}],"author":[{"embeddable":true,"href":"https:\/\/www.drugsson.com\/sv\/wp-json\/wp\/v2\/users\/1"}],"replies":[{"embeddable":true,"href":"https:\/\/www.drugsson.com\/sv\/wp-json\/wp\/v2\/comments?post=1516"}],"version-history":[{"count":142,"href":"https:\/\/www.drugsson.com\/sv\/wp-json\/wp\/v2\/pages\/1516\/revisions"}],"predecessor-version":[{"id":2801,"href":"https:\/\/www.drugsson.com\/sv\/wp-json\/wp\/v2\/pages\/1516\/revisions\/2801"}],"wp:attachment":[{"href":"https:\/\/www.drugsson.com\/sv\/wp-json\/wp\/v2\/media?parent=1516"}],"curies":[{"name":"wp","href":"https:\/\/api.w.org\/{rel}","templated":true}]}}