{"id":1768,"date":"2020-03-14T21:42:39","date_gmt":"2020-03-14T20:42:39","guid":{"rendered":"https:\/\/www.ggkmedia.com\/?page_id=1768"},"modified":"2020-04-15T15:40:49","modified_gmt":"2020-04-15T13:40:49","slug":"temodex","status":"publish","type":"page","link":"https:\/\/www.drugsson.com\/sv\/temodex\/","title":{"rendered":"Temodex\u00ae"},"content":{"rendered":"<div class=\"fusion-fullwidth fullwidth-box fusion-builder-row-1 nonhundred-percent-fullwidth non-hundred-percent-height-scrolling\" style=\"--awb-border-radius-top-left:0px;--awb-border-radius-top-right:0px;--awb-border-radius-bottom-right:0px;--awb-border-radius-bottom-left:0px;--awb-padding-top:90px;--awb-padding-bottom:90px;--awb-margin-top:0px;--awb-margin-bottom:0px;--awb-background-color:#eaf7ff;--awb-flex-wrap:wrap;\" ><div class=\"fusion-builder-row fusion-row\"><div class=\"fusion-layout-column fusion_builder_column fusion-builder-column-0 fusion_builder_column_1_6 1_6 fusion-one-sixth fusion-column-first\" style=\"--awb-bg-color:rgba(234,247,255,0);--awb-bg-color-hover:rgba(234,247,255,0);--awb-bg-size:cover;width:16.666666666667%;width:calc(16.666666666667% - ( ( 4% + 4% ) * 0.16666666666667 ) );margin-right: 4%;\"><div class=\"fusion-column-wrapper fusion-column-has-shadow fusion-flex-column-wrapper-legacy\"><div class=\"fusion-clearfix\"><\/div><\/div><\/div><div class=\"fusion-layout-column fusion_builder_column fusion-builder-column-1 fusion_builder_column_2_3 2_3 fusion-two-third\" style=\"--awb-padding-top:50px;--awb-padding-right:50px;--awb-padding-bottom:50px;--awb-padding-left:50px;--awb-bg-color:#ffffff;--awb-bg-color-hover:#ffffff;--awb-bg-size:cover;--awb-border-color:#25afb4;--awb-border-bottom:8px;--awb-border-style:solid;width:66.666666666667%;width:calc(66.666666666667% - ( ( 4% + 4% ) * 0.66666666666667 ) );margin-right: 4%;\"><div class=\"fusion-column-wrapper fusion-flex-column-wrapper-legacy\"><div class=\"fusion-sep-clear\"><\/div><div class=\"fusion-separator fusion-full-width-sep\" style=\"margin-left: auto;margin-right: auto;margin-top:40px;width:100%;\"><\/div><div class=\"fusion-sep-clear\"><\/div><div class=\"fusion-text fusion-text-1\"><div style=\"text-align: justify;\">\n<p class=\"p1\"><span class=\"s1\">Marknaden f\u00f6r till\u00e4ggsbehandling av prim\u00e4ra hj\u00e4rntum\u00f6rer med cellgift i samband med\u2028operation uppskattas till ca 200 miljoner US dollar per \u00e5r. Antalet fall av sekund\u00e4ra hj\u00e4rntum\u00f6rer ber\u00e4knas vara av samma storleksordning som prim\u00e4ra hj\u00e4rntum\u00f6rer varf\u00f6r den totala marknaden kan ber\u00e4knas till 400 miljoner USD.<\/span><\/p>\n<p class=\"p1\"><span class=\"s1\">Den totala marknaden f\u00f6r behandling av glioblastom, den allvarligaste\noch vanligaste formen av prim\u00e4r hj\u00e4rncancer, ber\u00e4knas \u00f6ka med ca 2,5\ng\u00e5nger fram till 2022 (<a href=\"https:\/\/www.transparencymarketresearch.com\/pressrelease\/pipeline-review-of-glioblastoma-treatment-market.htm\" target=\"_blank\" rel=\"noopener noreferrer\">referens<\/a>).<\/span><\/p>\n<p class=\"p1\"><span class=\"s1\">\u00c5r 2015 f\u00f6rv\u00e4rvade Double Bond Pharmaceutical r\u00e4tten till ett nytt l\u00e4kemedel, Temodex, utvecklat i Belarus d\u00e4r celld\u00f6dande \u00e4mnet Temozolomide administreras lokalt i hj\u00e4rnan f\u00f6r att f\u00f6rb\u00e4ttra behandlingen av patienter som drabbats av prim\u00e4r och sekund\u00e4r hj\u00e4rncancer.<\/span><\/p>\n<p class=\"p1\"><span class=\"s1\">Idag har Double Bond Pharmaceuticals variant (den EU anpassade varianten som \u00e4r under utveckling) f\u00e5tt ett s\u00e4rl\u00e4kemedesstatus fr\u00e5n EMA.<\/span><\/p>\n<\/div>\n<\/div><div class=\"fusion-sep-clear\"><\/div><div class=\"fusion-separator fusion-full-width-sep\" style=\"margin-left: auto;margin-right: auto;margin-top:60px;width:100%;\"><\/div><div class=\"fusion-sep-clear\"><\/div><div class=\"fusion-text fusion-text-2\"><p style=\"text-align: center;\">F\u00f6r mer information v\u00e4nligen kontakta oss: <span class=\"s1\"><a href=\"mailto:info@doublebp.com\" target=\"_blank\" rel=\"noopener noreferrer\">info@doublebp.com<\/a><\/span><\/p>\n<\/div><div class=\"fusion-sep-clear\"><\/div><div class=\"fusion-separator fusion-full-width-sep\" style=\"margin-left: auto;margin-right: auto;margin-top:60px;width:100%;\"><\/div><div class=\"fusion-sep-clear\"><\/div><div class=\"fusion-clearfix\"><\/div><\/div><\/div><div class=\"fusion-layout-column fusion_builder_column fusion-builder-column-2 fusion_builder_column_1_6 1_6 fusion-one-sixth fusion-column-last\" style=\"--awb-bg-size:cover;width:16.666666666667%;width:calc(16.666666666667% - ( ( 4% + 4% ) * 0.16666666666667 ) );\"><div class=\"fusion-column-wrapper fusion-column-has-shadow fusion-flex-column-wrapper-legacy\"><div class=\"fusion-clearfix\"><\/div><\/div><\/div><\/div><\/div>","protected":false},"excerpt":{"rendered":"","protected":false},"author":1,"featured_media":0,"parent":0,"menu_order":0,"comment_status":"closed","ping_status":"closed","template":"100-width.php","meta":{"footnotes":""},"_links":{"self":[{"href":"https:\/\/www.drugsson.com\/sv\/wp-json\/wp\/v2\/pages\/1768"}],"collection":[{"href":"https:\/\/www.drugsson.com\/sv\/wp-json\/wp\/v2\/pages"}],"about":[{"href":"https:\/\/www.drugsson.com\/sv\/wp-json\/wp\/v2\/types\/page"}],"author":[{"embeddable":true,"href":"https:\/\/www.drugsson.com\/sv\/wp-json\/wp\/v2\/users\/1"}],"replies":[{"embeddable":true,"href":"https:\/\/www.drugsson.com\/sv\/wp-json\/wp\/v2\/comments?post=1768"}],"version-history":[{"count":17,"href":"https:\/\/www.drugsson.com\/sv\/wp-json\/wp\/v2\/pages\/1768\/revisions"}],"predecessor-version":[{"id":2566,"href":"https:\/\/www.drugsson.com\/sv\/wp-json\/wp\/v2\/pages\/1768\/revisions\/2566"}],"wp:attachment":[{"href":"https:\/\/www.drugsson.com\/sv\/wp-json\/wp\/v2\/media?parent=1768"}],"curies":[{"name":"wp","href":"https:\/\/api.w.org\/{rel}","templated":true}]}}