{"id":2536,"date":"2020-04-15T00:29:26","date_gmt":"2020-04-14T22:29:26","guid":{"rendered":"https:\/\/www.drugsson.com\/?page_id=2536"},"modified":"2023-09-13T23:52:11","modified_gmt":"2023-09-13T21:52:11","slug":"biopad","status":"publish","type":"page","link":"https:\/\/www.drugsson.com\/sv\/biopad\/","title":{"rendered":"BioPad"},"content":{"rendered":"<div class=\"fusion-fullwidth fullwidth-box fusion-builder-row-1 nonhundred-percent-fullwidth non-hundred-percent-height-scrolling\" style=\"--awb-border-radius-top-left:0px;--awb-border-radius-top-right:0px;--awb-border-radius-bottom-right:0px;--awb-border-radius-bottom-left:0px;--awb-padding-top:90px;--awb-padding-bottom:90px;--awb-margin-top:0px;--awb-margin-bottom:0px;--awb-background-color:#eaf7ff;--awb-flex-wrap:wrap;\" ><div class=\"fusion-builder-row fusion-row\"><div class=\"fusion-layout-column fusion_builder_column fusion-builder-column-0 fusion_builder_column_1_6 1_6 fusion-one-sixth fusion-column-first\" style=\"--awb-bg-color:rgba(234,247,255,0);--awb-bg-color-hover:rgba(234,247,255,0);--awb-bg-size:cover;width:16.666666666667%;width:calc(16.666666666667% - ( ( 4% + 4% ) * 0.16666666666667 ) );margin-right: 4%;\"><div class=\"fusion-column-wrapper fusion-column-has-shadow fusion-flex-column-wrapper-legacy\"><div class=\"fusion-clearfix\"><\/div><\/div><\/div><div class=\"fusion-layout-column fusion_builder_column fusion-builder-column-1 fusion_builder_column_2_3 2_3 fusion-two-third\" style=\"--awb-padding-top:50px;--awb-padding-right:50px;--awb-padding-bottom:50px;--awb-padding-left:50px;--awb-bg-color:#ffffff;--awb-bg-color-hover:#ffffff;--awb-bg-size:cover;--awb-border-color:#25afb4;--awb-border-bottom:8px;--awb-border-style:solid;width:66.666666666667%;width:calc(66.666666666667% - ( ( 4% + 4% ) * 0.66666666666667 ) );margin-right: 4%;\"><div class=\"fusion-column-wrapper fusion-flex-column-wrapper-legacy\"><div class=\"fusion-image-element fusion-image-align-center in-legacy-container\" style=\"text-align:center;--awb-caption-title-font-family:var(--h2_typography-font-family);--awb-caption-title-font-weight:var(--h2_typography-font-weight);--awb-caption-title-font-style:var(--h2_typography-font-style);--awb-caption-title-size:var(--h2_typography-font-size);--awb-caption-title-transform:var(--h2_typography-text-transform);--awb-caption-title-line-height:var(--h2_typography-line-height);--awb-caption-title-letter-spacing:var(--h2_typography-letter-spacing);\"><div class=\"imageframe-align-center\"><span class=\"fusion-imageframe imageframe-none imageframe-1 hover-type-none\"><img decoding=\"async\" width=\"300\" height=\"274\" title=\"BioPad-1024&#215;935\" src=\"https:\/\/www.drugsson.com\/wp-content\/uploads\/2020\/04\/BioPad-1024x935-1-300x274.png\" alt class=\"img-responsive wp-image-2548\" srcset=\"https:\/\/www.drugsson.com\/wp-content\/uploads\/2020\/04\/BioPad-1024x935-1-200x183.png 200w, https:\/\/www.drugsson.com\/wp-content\/uploads\/2020\/04\/BioPad-1024x935-1-400x365.png 400w, https:\/\/www.drugsson.com\/wp-content\/uploads\/2020\/04\/BioPad-1024x935-1-600x548.png 600w, https:\/\/www.drugsson.com\/wp-content\/uploads\/2020\/04\/BioPad-1024x935-1-800x730.png 800w, https:\/\/www.drugsson.com\/wp-content\/uploads\/2020\/04\/BioPad-1024x935-1.png 1024w\" sizes=\"(max-width: 1024px) 100vw, 800px\" \/><\/span><\/div><\/div><div class=\"fusion-sep-clear\"><\/div><div class=\"fusion-separator fusion-full-width-sep\" style=\"margin-left: auto;margin-right: auto;margin-top:40px;width:100%;\"><\/div><div class=\"fusion-sep-clear\"><\/div><div class=\"fusion-text fusion-text-1\"><div style=\"text-align: justify;\">\n<p class=\"p1\"><span class=\"s1\">BioPad och BioSpray \u00e4r tv\u00e5 innovativa produkter, kollagenbaserade, kostnadseffektiva, s\u00e5rl\u00e4kande f\u00f6rband och spray - som skapar den b\u00e4sta milj\u00f6n f\u00f6r l\u00e4kning av olika s\u00e5rtyper.<\/span><\/p>\n<p class=\"p1\"><span class=\"s1\">Produkterna \u00e4r kliniskt bevisade, sterila CE m\u00e4rkta klass III MedTech. B\u00e5da produkterna \u00e4r utvecklade och producerade i EU som lovar h\u00f6g kvalit\u00e9 och service till den viktigaste gruppen \u2013 patienterna.<\/span><\/p>\n<p class=\"p1\"><span class=\"s1\">100% rent kollagen.<\/span><\/p>\n<\/div>\n<\/div><div class=\"fusion-sep-clear\"><\/div><div class=\"fusion-separator fusion-full-width-sep\" style=\"margin-left: auto;margin-right: auto;margin-top:40px;width:100%;\"><\/div><div class=\"fusion-sep-clear\"><\/div><div class=\"fusion-text fusion-text-2\"><h4>Produktf\u00f6rdelar:<\/h4>\n<\/div><ul style=\"--awb-size:16px;--awb-iconcolor:#0eb213;--awb-line-height:27.2px;--awb-icon-width:27.2px;--awb-icon-height:27.2px;--awb-icon-margin:11.2px;--awb-content-margin:38.4px;\" class=\"fusion-checklist fusion-checklist-1 fusion-checklist-default type-icons\"><li class=\"fusion-li-item\" style=\"\"><span class=\"icon-wrapper circle-no\"><i class=\"fusion-li-icon fa-check fas\" aria-hidden=\"true\"><\/i><\/span><div class=\"fusion-li-item-content\">\n<p><span class=\"s2\">p\u00e5skyndar s\u00e5rl\u00e4kningsprocessen <\/span><\/p>\n<\/div><\/li><li class=\"fusion-li-item\" style=\"\"><span class=\"icon-wrapper circle-no\"><i class=\"fusion-li-icon fa-check fas\" aria-hidden=\"true\"><\/i><\/span><div class=\"fusion-li-item-content\">\n<p><span class=\"s2\">f\u00f6rhindrar skada i granuleringsv\u00e4vnaden<\/span><\/p>\n<\/div><\/li><li class=\"fusion-li-item\" style=\"\"><span class=\"icon-wrapper circle-no\"><i class=\"fusion-li-icon fa-check fas\" aria-hidden=\"true\"><\/i><\/span><div class=\"fusion-li-item-content\">\n<p><span class=\"s2\">har en hemostatisk effekt<\/span><\/p>\n<\/div><\/li><li class=\"fusion-li-item\" style=\"\"><span class=\"icon-wrapper circle-no\"><i class=\"fusion-li-icon fa-check fas\" aria-hidden=\"true\"><\/i><\/span><div class=\"fusion-li-item-content\">\n<p><span class=\"s2\">fri fr\u00e5n BSE-relaterade risker<\/span><\/p>\n<\/div><\/li><li class=\"fusion-li-item\" style=\"\"><span class=\"icon-wrapper circle-no\"><i class=\"fusion-li-icon fa-check fas\" aria-hidden=\"true\"><\/i><\/span><div class=\"fusion-li-item-content\">\n<p><span class=\"s2\">p\u00e5verkas inte av kemiska tv\u00e4rbindningsprocesser<\/span><\/p>\n<\/div><\/li><li class=\"fusion-li-item\" style=\"\"><span class=\"icon-wrapper circle-no\"><i class=\"fusion-li-icon fa-check fas\" aria-hidden=\"true\"><\/i><\/span><div class=\"fusion-li-item-content\">\n<p><span class=\"s2\">v\u00e4l tolererat och l\u00e4tt att anv\u00e4nda<\/span><\/p>\n<\/div><\/li><li class=\"fusion-li-item\" style=\"\"><span class=\"icon-wrapper circle-no\"><i class=\"fusion-li-icon fa-check fas\" aria-hidden=\"true\"><\/i><\/span><div class=\"fusion-li-item-content\">\n<p><span class=\"s2\">finns i olika storlekar och former<\/span><\/p>\n<\/div><\/li><\/ul><div class=\"fusion-sep-clear\"><\/div><div class=\"fusion-separator fusion-full-width-sep\" style=\"margin-left: auto;margin-right: auto;margin-top:80px;width:100%;\"><\/div><div class=\"fusion-sep-clear\"><\/div><div class=\"fusion-text fusion-text-3\"><h4>Bipacksedel<\/h4>\n<\/div><a class=\"awb-lightbox awb-lightbox-1\" data-title=\"Biopad\" title=\"Biopad\" href=\"https:\/\/www.drugsson.com\/wp-content\/uploads\/2020\/03\/BIOPAD-bipacksedel-1.pdf\" data-caption=\"Patient leaflet\" data-rel=\"iLightbox\"><img decoding=\"async\" src=\"https:\/\/www.drugsson.com\/wp-content\/uploads\/2020\/04\/document-e1586902783620.png\"><\/a><div class=\"fusion-sep-clear\"><\/div><div class=\"fusion-separator fusion-full-width-sep\" style=\"margin-left: auto;margin-right: auto;margin-top:60px;width:100%;\"><\/div><div class=\"fusion-sep-clear\"><\/div><div class=\"fusion-text fusion-text-4\"><h4>Varningar och f\u00f6rsiktighet<\/h4>\n<\/div><div class=\"fusion-text fusion-text-5\"><p style=\"text-align: justify;\">Anv\u00e4nd produkten enligt rekommendation p\u00e5 f\u00f6rpackningen\/bipacksedeln. Kontakta oss om du har n\u00e5gra fr\u00e5gor om produkten, klagom\u00e5l eller om du vill rapportera biverkningar fr\u00e5n Biopad:<\/p>\n<p class=\"p1\"><em><span class=\"s1\">Drugsson AB<br \/>\nVirdings All<\/span><span class=\"s2\">\u00e9<\/span><\/em><span class=\"s1\"><em> 32 B<\/em><br \/>\n<em>754 50 Uppsala, Sverige<\/em><br \/>\n<em><a href=\"mailto:info@drugsson.com\"><span class=\"s3\">info@drugsson.com<\/span><\/a><\/em><\/span><\/p>\n<\/div><div class=\"fusion-sep-clear\"><\/div><div class=\"fusion-separator fusion-full-width-sep\" style=\"margin-left: auto;margin-right: auto;margin-top:60px;width:100%;\"><\/div><div class=\"fusion-sep-clear\"><\/div><div class=\"fusion-clearfix\"><\/div><\/div><\/div><div class=\"fusion-layout-column fusion_builder_column fusion-builder-column-2 fusion_builder_column_1_6 1_6 fusion-one-sixth fusion-column-last\" style=\"--awb-bg-size:cover;width:16.666666666667%;width:calc(16.666666666667% - ( ( 4% + 4% ) * 0.16666666666667 ) );\"><div class=\"fusion-column-wrapper fusion-column-has-shadow fusion-flex-column-wrapper-legacy\"><div class=\"fusion-clearfix\"><\/div><\/div><\/div><\/div><\/div>","protected":false},"excerpt":{"rendered":"","protected":false},"author":1,"featured_media":0,"parent":0,"menu_order":0,"comment_status":"closed","ping_status":"closed","template":"100-width.php","meta":{"footnotes":""},"_links":{"self":[{"href":"https:\/\/www.drugsson.com\/sv\/wp-json\/wp\/v2\/pages\/2536"}],"collection":[{"href":"https:\/\/www.drugsson.com\/sv\/wp-json\/wp\/v2\/pages"}],"about":[{"href":"https:\/\/www.drugsson.com\/sv\/wp-json\/wp\/v2\/types\/page"}],"author":[{"embeddable":true,"href":"https:\/\/www.drugsson.com\/sv\/wp-json\/wp\/v2\/users\/1"}],"replies":[{"embeddable":true,"href":"https:\/\/www.drugsson.com\/sv\/wp-json\/wp\/v2\/comments?post=2536"}],"version-history":[{"count":3,"href":"https:\/\/www.drugsson.com\/sv\/wp-json\/wp\/v2\/pages\/2536\/revisions"}],"predecessor-version":[{"id":2694,"href":"https:\/\/www.drugsson.com\/sv\/wp-json\/wp\/v2\/pages\/2536\/revisions\/2694"}],"wp:attachment":[{"href":"https:\/\/www.drugsson.com\/sv\/wp-json\/wp\/v2\/media?parent=2536"}],"curies":[{"name":"wp","href":"https:\/\/api.w.org\/{rel}","templated":true}]}}